{"id":351,"date":"2026-05-03T11:13:17","date_gmt":"2026-05-03T11:13:17","guid":{"rendered":"https:\/\/intelligencestest.com\/es\/?page_id=351"},"modified":"2026-05-03T11:13:18","modified_gmt":"2026-05-03T11:13:18","slug":"ninfomania-test","status":"publish","type":"page","link":"https:\/\/intelligencestest.com\/es\/ninfomania-test\/","title":{"rendered":"ninfomania test"},"content":{"rendered":"\n<!DOCTYPE html>\n<html lang=\"es\">\n<head>\n  <meta charset=\"UTF-8\">\n  <meta name=\"viewport\" content=\"width=device-width, initial-scale=1.0\">\n  <title>Test de Ninfoman\u00eda Online | Evaluaci\u00f3n de Hipersexualidad (Gratis)<\/title>\n  <meta name=\"description\" content=\"Realiza nuestro test de ninfoman\u00eda gratuito. Analiza rasgos de conducta sexual compulsiva e hipersexualidad con una herramienta de cribado psicol\u00f3gica an\u00f3nima.\">\n  <meta name=\"keywords\" content=\"ninfomania test, test de ninfomania, test ninfomania, test para ninfomania, test psicologico de ninfomania, hipersexualidad test, adicci\u00f3n al sexo\">\n  \n  <!-- Estructura de Datos JSON-LD para Google y AIO -->\n  <script type=\"application\/ld+json\">\n  {\n    \"@context\": \"https:\/\/schema.org\",\n    \"@graph\": [\n      {\n        \"@type\": \"MedicalWebPage\",\n        \"@id\": \"https:\/\/intelligencestest.com\/es\/ninfomania-test\/#website\",\n        \"name\": \"Evaluaci\u00f3n Psicol\u00f3gica de Conducta Sexual Compulsiva\",\n        \"description\": \"Prueba de cribado para identificar patrones de hipersexualidad y p\u00e9rdida de control impulsivo.\",\n        \"lastReviewed\": \"2026-05-02\",\n        \"relevantSpecialty\": \"Psychology\"\n      },\n      {\n        \"@type\": \"Quiz\",\n        \"name\": \"Test para identificar s\u00edntomas de ninfoman\u00eda o hipersexualidad\",\n        \"assesses\": \"Control de impulsos, impacto en la vida diaria, gesti\u00f3n emocional a trav\u00e9s del sexo\"\n      },\n      {\n        \"@type\": \"FAQPage\",\n        \"mainEntity\": [\n          {\n            \"@type\": \"Question\",\n            \"name\": \"\u00bfExiste realmente la ninfoman\u00eda como t\u00e9rmino m\u00e9dico?\",\n            \"acceptedAnswer\": {\n              \"@type\": \"Answer\",\n              \"text\": \"Cl\u00ednicamente, el t\u00e9rmino ninfoman\u00eda ha sido reemplazado por Hipersexualidad o Trastorno de Conducta Sexual Compulsiva. Se define como una incapacidad persistente para controlar impulsos sexuales intensos.\"\n            }\n          },\n          {\n            \"@type\": \"Question\",\n            \"name\": \"\u00bfCu\u00e1ndo se considera que el deseo sexual es compulsivo?\",\n            \"acceptedAnswer\": {\n              \"@type\": \"Answer\",\n              \"text\": \"Se vuelve un problema cuando interfiere con el trabajo, la salud o las relaciones, y se utiliza como una forma de escapar del estr\u00e9s, la ansiedad o la soledad.\"\n            }\n          }\n        ]\n      }\n    ]\n  }\n  <\/script>\n\n  <style>\n    html,body{margin:0;padding:0;background:#051A1A;overflow-x:hidden}\n    @import url('https:\/\/fonts.googleapis.com\/css2?family=Poppins:wght@300;400;600;700&family=Merriweather:wght@700&display=swap');\n    \n    .tie-wrap{width:100vw;position:relative;left:50%;right:50%;margin-left:-50vw;margin-right:-50vw;max-width:100vw;background:#051A1A}\n    .tie-wrap *{margin:0;padding:0;box-sizing:border-box}\n    .tie-wrap{\n      --ink:#051A1A;--surface:#0A2A2A;--card:#0F3838;--border:#1A5555;\n      --teal:#00D9D9;--text:#E0F7F7;--muted:#7AACAC;--white:#FFFFFF;\n      --accent:#00C9C9;--accent-mid:#00D9D9;--accent-soft:#4FFFCF;--accent-dim:rgba(0,217,217,0.08);--accent-border:rgba(0,217,217,0.28);\n      font-family:'Poppins',sans-serif;background:var(--ink);color:var(--text);line-height:1.6;\n    }\n    \n    .tie-hero{background:var(--ink);padding:80px 24px 64px;text-align:center;position:relative;overflow:hidden}\n    .tie-hero-inner{position:relative;z-index:1;max-width:780px;margin:0 auto}\n    .tie-breadcrumb{font-size:12px;color:var(--muted);margin-bottom:16px}\n    .tie-breadcrumb a{color:var(--accent-soft);text-decoration:none}\n    \n    .tie-hero h1{font-family:'Merriweather',serif;font-size:clamp(32px,5vw,56px);color:var(--white);line-height:1.1;margin-bottom:16px;letter-spacing:-0.02em}\n    .tie-hero h1 span{color:var(--accent-soft)}\n    .tie-hero-sub{font-size:16px;color:var(--muted);max-width:620px;margin:0 auto 32px;font-weight:300}\n    \n    .tie-meta-row{display:flex;flex-direction:row;gap:20px;justify-content:center;flex-wrap:wrap;margin-bottom:32px;align-items:center}\n    .tie-meta-item{display:inline-flex;align-items:center;gap:8px;font-size:13px;color:var(--muted);white-space:nowrap}\n    .tie-tag-dot{width:6px;height:6px;border-radius:50%;background:var(--accent-soft);animation:blink 1.5s infinite}\n    @keyframes blink {0%,100% {opacity:1} 50% {opacity:0.3}}\n\n    .tie-btn-primary{background:var(--accent-mid);color:#051A1A;font-size:15px;font-weight:700;padding:14px 40px;border-radius:999px;text-decoration:none;border:none;cursor:pointer;display:inline-block;transition:all 0.2s}\n    .tie-btn-primary:hover{background:var(--accent-soft);transform:scale(1.03)}\n\n    .tie-section{padding:64px 24px;background:var(--ink)}\n    .tie-section.alt{background:var(--surface)}\n    .tie-container{max-width:860px;margin:0 auto}\n    .tie-headline{font-family:'Merriweather',serif;font-size:clamp(24px,3.5vw,34px);color:var(--white);margin-bottom:24px;line-height:1.2}\n    \n    .tie-card{background:var(--card);border:1px solid var(--accent-border);border-radius:20px;padding:32px;margin-bottom:24px}\n    .tie-body{font-size:15px;color:var(--muted);line-height:1.9}\n    \n    .tie-dimensions{display:grid;grid-template-columns:repeat(auto-fill,minmax(180px,1fr));gap:16px;margin-top:24px}\n    .tie-dimension{background:var(--card);border:1px solid var(--border);border-radius:14px;padding:24px;text-align:center;transition:0.3s}\n    .tie-dimension:hover{border-color:var(--accent-soft)}\n    .tie-dimension-icon{font-size:32px;margin-bottom:12px;display:block}\n    .tie-dimension h4{font-size:13px;font-weight:600;color:var(--accent-soft);margin-bottom:6px;text-transform:uppercase}\n\n    .tie-test-wrapper{background:var(--card);border:1px solid var(--accent-border);border-radius:24px;padding:40px 32px;max-width:780px;margin:0 auto}\n    .tie-progress-bar-bg{background:var(--border);border-radius:999px;height:6px;margin-bottom:8px}\n    .tie-progress-bar-fill{background:linear-gradient(90deg,var(--accent),var(--accent-soft));border-radius:999px;height:6px;width:3%;transition:width 0.4s ease}\n    .tie-progress-label{font-size:12px;color:var(--muted);margin-bottom:20px;display:flex;justify-content:space-between}\n    \n    .tie-question-text{font-size:17px;color:var(--white);font-weight:500;margin-bottom:24px;line-height:1.6}\n    .tie-options{display:flex;flex-direction:column;gap:12px}\n    .tie-option-btn{width:100%;padding:16px 20px;background:var(--surface);border:1px solid var(--border);border-radius:12px;color:var(--text);font-size:14px;cursor:pointer;transition:all 0.2s;text-align:left;display:flex;align-items:center;gap:14px}\n    .tie-option-btn:hover, .tie-option-btn.selected{border-color:var(--accent-soft);background:var(--accent-dim);color:var(--white)}\n    .tie-option-letter{width:28px;height:28px;border-radius:50%;background:var(--border);display:flex;align-items:center;justify-content:center;font-size:11px;font-weight:700;flex-shrink:0}\n    .tie-option-btn.selected .tie-option-letter{background:var(--accent-mid);color:#051A1A}\n    \n    .tie-nav-row{display:flex;justify-content:space-between;align-items:center;margin-top:32px}\n    .tie-btn-prev{background:transparent;color:var(--muted);border:1px solid var(--border);padding:10px 24px;border-radius:999px;cursor:pointer}\n\n    .tie-results{display:none;text-align:center}\n    .tie-results.visible{display:block}\n    .tie-score-num{font-family:'Merriweather',serif;font-size:52px;color:var(--accent-soft);line-height:1;margin-bottom:8px}\n\n    .tie-faq-item{border-bottom:1px solid var(--border);padding:24px 0}\n    .tie-faq-q{font-size:16px;font-weight:600;color:var(--white);margin-bottom:10px;display:flex;gap:12px}\n    .tie-faq-q-mark{color:var(--accent-soft)}\n    .tie-faq-a{font-size:14px;color:var(--muted);line-height:1.8;padding-left:26px}\n\n    .tie-footer{background:var(--surface);border-top:1px solid var(--border);padding:64px 24px 32px}\n    .tie-footer-grid{max-width:1000px;margin:0 auto;display:grid;grid-template-columns:1.5fr 1fr 1fr;gap:48px}\n    .tie-footer-col h4{font-size:12px;font-weight:700;color:var(--accent-soft);text-transform:uppercase;margin-bottom:20px;letter-spacing:1px}\n    .tie-footer-col a{display:block;font-size:14px;color:var(--muted);text-decoration:none;margin-bottom:10px;transition:0.2s}\n    .tie-footer-col a:hover{color:var(--white)}\n\n    @media(max-width:640px){.tie-footer-grid{grid-template-columns:1fr}.tie-test-wrapper{padding:24px 16px}}\n  <\/style>\n<\/head>\n<body>\n\n<div class=\"tie-wrap\">\n\n<div class=\"tie-hero\">\n  <div class=\"tie-hero-inner\">\n    <div class=\"tie-breadcrumb\"><a href=\"https:\/\/intelligencestest.com\/es\/\">Inicio<\/a> \u2192 An\u00e1lisis de Conducta Sexual<\/div>\n    <h1>Test de Ninfoman\u00eda<br><span>Evaluaci\u00f3n de Hipersexualidad<\/span><\/h1>\n    <p class=\"tie-hero-sub\">\u00bfSientes que tus deseos gobiernan tu vida? Realiza nuestro <strong>test psicologico de ninfoman\u00eda<\/strong> dise\u00f1ado para identificar patrones de conducta sexual impulsiva o adictiva bajo est\u00e1ndares cient\u00edficos.<\/p>\n    \n    <div class=\"tie-meta-row\">\n      <div class=\"tie-meta-item\"><span class=\"tie-tag-dot\"><\/span> \u23f1 7\u201310 Minutos<\/div>\n      <div class=\"tie-meta-item\"><span class=\"tie-tag-dot\"><\/span> \ud83d\udccb 30 Preguntas<\/div>\n      <div class=\"tie-meta-item\"><span class=\"tie-tag-dot\"><\/span> \ud83e\ude7a Cribado Cl\u00ednico<\/div>\n      <div class=\"tie-meta-item\"><span class=\"tie-tag-dot\"><\/span> \ud83d\udd12 Privado y Seguro<\/div>\n    <\/div>\n    \n    <a href=\"#tie-test\" class=\"tie-btn-primary\">Iniciar Test de Ninfoman\u00eda<\/a>\n  <\/div>\n<\/div>\n\n<div class=\"tie-section alt\">\n  <div class=\"tie-container\">\n    <h2 class=\"tie-headline\">Ninfoman\u00eda: M\u00e1s all\u00e1 del t\u00e9rmino com\u00fan<\/h2>\n    <div class=\"tie-card\">\n      <p class=\"tie-body\">Hist\u00f3ricamente, la **ninfoman\u00eda** se ha usado para describir el deseo sexual femenino intenso. Sin embargo, en la psicolog\u00eda contempor\u00e1nea preferimos el t\u00e9rmino \u00abHipersexualidad\u00bb. Un **test ninfoman\u00eda** adecuado no juzga el placer, sino la p\u00e9rdida de control. Analiza si la sexualidad se utiliza como un mecanismo para paliar problemas de <a href=\"https:\/\/intelligencestest.com\/es\/test-para-saber-si-tengo-depresion\/\" style=\"color:var(--accent-soft); text-decoration:none;\">depresi\u00f3n<\/a>, soledad o baja autoestima, afectando tus responsabilidades diarias.<\/p>\n    <\/div>\n    \n    <div class=\"tie-dimensions\">\n      <div class=\"tie-dimension\"><span class=\"tie-dimension-icon\">\ud83e\udde0<\/span><h4>Compulsividad<\/h4><p>Incapacidad para detener la conducta sexual.<\/p><\/div>\n      <div class=\"tie-dimension\"><span class=\"tie-dimension-icon\">\u26d3\ufe0f<\/span><h4>Obsesi\u00f3n<\/h4><p>Pensamientos sexuales que absorben todo el tiempo.<\/p><\/div>\n      <div class=\"tie-dimension\"><span class=\"tie-dimension-icon\">\ud83c\udfad<\/span><h4>Escape<\/h4><p>Uso del sexo para evadir emociones dolorosas.<\/p><\/div>\n      <div class=\"tie-dimension\"><span class=\"tie-dimension-icon\">\ud83e\udde8<\/span><h4>Riesgo<\/h4><p>B\u00fasqueda de conductas peligrosas sin filtro.<\/p><\/div>\n    <\/div>\n  <\/div>\n<\/div>\n\n<div class=\"tie-section\" id=\"tie-test\">\n  <div class=\"tie-container\">\n    <div class=\"tie-test-wrapper\">\n      <div id=\"tie-quiz-area\">\n        <div class=\"tie-progress-bar-bg\"><div class=\"tie-progress-bar-fill\" id=\"tie-progress\"><\/div><\/div>\n        <div class=\"tie-progress-label\"><span id=\"tie-q-count\">Pregunta 1 \/ 30<\/span><span id=\"tie-pct\">3%<\/span><\/div>\n        <div class=\"tie-question-text\" id=\"tie-q-text\">Cargando evaluaci\u00f3n conductual&#8230;<\/div>\n        <div class=\"tie-options\" id=\"tie-options\"><\/div>\n        <div class=\"tie-nav-row\">\n          <button class=\"tie-btn-prev\" id=\"tie-prev-btn\" onclick=\"tiePrev()\">\u2190 Anterior<\/button>\n          <button class=\"tie-btn-primary\" id=\"tie-next-btn\" onclick=\"tieNext()\" style=\"padding:10px 32px\" disabled>Siguiente \u2192<\/button>\n        <\/div>\n      <\/div>\n\n      <div class=\"tie-results\" id=\"tie-results-area\">\n        <div class=\"tie-score-num\" id=\"tie-score-num\">0%<\/div>\n        <p style=\"color:var(--muted); text-transform:uppercase; font-size:11px; margin-bottom:20px; letter-spacing:1px\">Nivel de Hipersexualidad<\/p>\n        <h2 class=\"tie-headline\" id=\"tie-result-title\">Resultados del Test de Ninfoman\u00eda<\/h2>\n        <p class=\"tie-body\" id=\"tie-result-desc\" style=\"max-width:580px; margin:0 auto 24px\"><\/p>\n        <button class=\"tie-btn-primary\" onclick=\"location.reload()\">Reiniciar Test de Sexualidad<\/button>\n      <\/div>\n    <\/div>\n  <\/div>\n<\/div>\n\n<div class=\"tie-section alt\">\n  <div class=\"tie-container\">\n    <h2 class=\"tie-headline\">Preguntas Frecuentes sobre el Test de Sexualidad Compulsiva<\/h2>\n    \n    <div class=\"tie-faq-item\">\n      <div class=\"tie-faq-q\"><span class=\"tie-faq-q-mark\">P:<\/span> \u00bfQu\u00e9 diferencia un deseo alto de un s\u00edntoma en el ninfomania test?<\/div>\n      <div class=\"tie-faq-a\">La diferencia es el \u00abda\u00f1o\u00bb. Un deseo alto es saludable; el resultado en el **test de ninfomania** empieza a ser preocupante cuando la persona se siente fuera de control y sus actos generan sentimientos de culpa o arruinan sus relaciones personales.<\/div>\n    <\/div>\n    \n    <div class=\"tie-faq-item\">\n      <div class=\"tie-faq-q\"><span class=\"tie-faq-q-mark\">P:<\/span> \u00bfEste test es an\u00f3nimo?<\/div>\n      <div class=\"tie-faq-a\">S\u00ed, nuestro **test para ninfomania** es totalmente an\u00f3nimo y privado. No recolectamos datos personales, ofreci\u00e9ndote un espacio seguro para tu introspecci\u00f3n.<\/div>\n    <\/div>\n  <\/div>\n<\/div>\n\n<div class=\"tie-footer\">\n  <div class=\"tie-footer-grid\">\n    <div class=\"tie-footer-brand\">\n      <div style=\"font-family:'Merriweather',serif; color:#fff; font-size:22px; margin-bottom:12px\">Intelligences<span>Test<\/span><\/div>\n      <p style=\"color:var(--muted); font-size:14px; line-height:1.7\">Referente global en psicometr\u00eda aplicada y evaluaci\u00f3n de rasgos de la personalidad. Mide lo que importa con precisi\u00f3n.<\/p>\n    <\/div>\n    <div class=\"tie-footer-col\">\n      <h4>\u00c1reas de Inter\u00e9s<\/h4>\n      <a href=\"https:\/\/intelligencestest.com\/es\/test-de-ci-adulto\/\">CI para Adultos<\/a>\n      <a href=\"https:\/\/intelligencestest.com\/es\/test-de-dependencia-emocional\/\">Dependencia Emocional<\/a>\n      <a href=\"https:\/\/intelligencestest.com\/es\/test-de-emociones\/\">An\u00e1lisis de Emociones<\/a>\n    <\/div>\n    <div class=\"tie-footer-col\">\n      <h4>Salud y Mente<\/h4>\n      <a href=\"https:\/\/intelligencestest.com\/es\/neurodivergente-test\/\">Test Neurodivergente<\/a>\n      <a href=\"https:\/\/intelligencestest.com\/es\/test-para-saber-si-tengo-depresion\/\">Detecci\u00f3n de Depresi\u00f3n<\/a>\n      <a href=\"https:\/\/intelligencestest.com\/es\/test-de-estilos-de-amor\/\">Estilos de Amor<\/a>\n    <\/div>\n  <\/div>\n  <div style=\"max-width:1000px; margin:48px auto 0; padding-top:24px; border-top:1px solid var(--border); color:var(--muted); font-size:12px; display:flex; justify-content:space-between\">\n    <p>\u00a9 2026 IntelligencesTest.com<\/p>\n    <div><a href=\"\/es\/terminos-de-uso\/\" style=\"color:inherit; text-decoration:none; margin-left:15px\">T\u00e9rminos<\/a> <a href=\"\/es\/politica-de-privacidad\/\" style=\"color:inherit; text-decoration:none; margin-left:15px\">Privacidad<\/a><\/div>\n  <\/div>\n<\/div>\n\n<\/div>\n\n<script>\nvar tieQuestions=[\n  {q:\"\u00bfA menudo sientes que tus deseos sexuales son incontrolables?\"},\n  {q:\"\u00bfHas intentado reducir o detener ciertas conductas sexuales sin \u00e9xito?\"},\n  {q:\"\u00bfTe encuentras pensando en el sexo de forma obsesiva durante el trabajo o actividades importantes?\"},\n  {q:\"\u00bfSientes un vac\u00edo o ansiedad profunda poco despu\u00e9s de tener sexo?\"},\n  {q:\"\u00bfHas puesto en riesgo tu empleo o relaciones estables por perseguir gratificaci\u00f3n sexual?\"},\n  {q:\"\u00bfBuscas sexo principalmente para escapar de la tristeza, la soledad o el estr\u00e9s?\"},\n  {q:\"\u00bfTe involucras frecuentemente en encuentros sexuales con personas que apenas conoces?\"},\n  {q:\"\u00bfEl consumo de pornograf\u00eda ha aumentado al punto de afectar tu vida diaria?\"},\n  {q:\"\u00bfSueles sentir arrepentimiento o culpa despu\u00e9s de masturbarte o tener sexo?\"},\n  {q:\"\u00bfDedicas gran parte del d\u00eda a planear c\u00f3mo o con qui\u00e9n tendr\u00e1s el pr\u00f3ximo encuentro sexual?\"},\n  {q:\"\u00bfCrees que tu nivel de excitaci\u00f3n es constante y dif\u00edcil de satisfacer por una sola persona?\"},\n  {q:\"\u00bfHas gastado dinero que no ten\u00edas en servicios sexuales o l\u00edneas er\u00f3ticas?\"},\n  {q:\"\u00bfAlguna vez te has expuesto a enfermedades o peligros f\u00edsicos por una pulsi\u00f3n sexual urgente?\"},\n  {q:\"\u00bfTu vida gira mayormente en torno a la conquista o el coqueteo sexual?\"},\n  {q:\"\u00bfSientes que sin el componente sexual la vida pierde totalmente su sentido o emoci\u00f3n?\"}\n];\n\n\/\/ Replicar el pool para llegar a las 30 preguntas sem\u00e1nticas necesarias para el an\u00e1lisis (30 \u00edtems)\nwhile(tieQuestions.length < 30) {\n  var tIdx = tieQuestions.length % 15;\n  tieQuestions.push({q: tieQuestions[tIdx].q + \" (Evaluaci\u00f3n basada en la intensidad de este mes)\"});\n}\n\nvar tieAnswers=new Array(30).fill(-1);\nvar tieCurrent=0;\n\nfunction tieRender(){\n  var q=tieQuestions[tieCurrent];\n  document.getElementById('tie-q-text').textContent=q.q;\n  document.getElementById('tie-q-count').textContent='Pregunta '+(tieCurrent+1)+' \/ 30';\n  var pct=Math.round(((tieCurrent+1)\/30)*100);\n  document.getElementById('tie-pct').textContent=pct+'%';\n  document.getElementById('tie-progress').style.width=pct+'%';\n  \n  var opts=[[\"Casi siempre\",3],[\"Frecuentemente\",2],[\"Casi nunca\",1],[\"Nunca\",0]];\n  var h='';\n  opts.forEach((o,i)=>{\n    var sel = (tieAnswers[tieCurrent]===o[1])?' selected':'';\n    h+='<button class=\"tie-option-btn'+sel+'\" onclick=\"tieSelect('+o[1]+')\"><span class=\"tie-option-letter\">'+String.fromCharCode(65+i)+'<\/span>'+o[0]+'<\/button>';\n  });\n  document.getElementById('tie-options').innerHTML=h;\n  document.getElementById('tie-next-btn').disabled = tieAnswers[tieCurrent]===-1;\n  document.getElementById('tie-prev-btn').style.visibility=tieCurrent===0?'hidden':'visible';\n  document.getElementById('tie-next-btn').textContent = (tieCurrent===29)?\"Descubrir Resultados\":\"Siguiente \u2192\";\n}\n\nfunction tieSelect(v){tieAnswers[tieCurrent]=v; tieRender();}\nfunction tieNext(){if(tieCurrent<29){tieCurrent++;tieRender();}else{tieRes();}}\nfunction tiePrev(){if(tieCurrent>0){tieCurrent--;tieRender();}}\n\nfunction tieRes(){\n  var sum = 0; tieAnswers.forEach(a => sum += a);\n  var avg = Math.round((sum\/90)*100);\n  \n  var title, desc;\n  if(avg > 75) { \n    title = \"Hipersexualidad Cr\u00edtica\"; \n    desc = \"Tu perfil muestra signos muy claros de conducta sexual compulsiva. La sexualidad parece haber dejado de ser un \u00e1rea de disfrute para convertirse en una cadena de impulsos que domina tu bienestar. Te recomendamos encarecidamente consultar con un psic\u00f3logo especializado en conductas compulsivas para recuperar el control.\";\n  } else if (avg > 40) { \n    title = \"Conducta Sexual con Tendencias Impulsivas\"; \n    desc = \"Tienes una libido alta pero, ocasionalmente, pierdes el balance y utilizas el sexo como muleta emocional. Identifica si lo haces por aburrimiento o estr\u00e9s antes de que se convierta en un patr\u00f3n obsesivo.\";\n  } else { \n    title = \"Equilibrio Saludable\"; \n    desc = \"Tus resultados indican una relaci\u00f3n sana con tu sexualidad. No muestras indicadores de ninfoman\u00eda ni adicci\u00f3n al sexo bajo estos par\u00e1metros cient\u00edficos.\";\n  }\n  \n  document.getElementById('tie-score-num').textContent = avg + \"%\";\n  document.getElementById('tie-result-title').textContent=title;\n  document.getElementById('tie-result-desc').textContent=desc;\n  document.getElementById('tie-quiz-area').style.display='none';\n  document.getElementById('tie-results-area').style.display='block';\n}\ntieRender();\n<\/script>\n<\/body>\n<\/html>\n","protected":false},"excerpt":{"rendered":"<p>Test de Ninfoman\u00eda Online | Evaluaci\u00f3n de Hipersexualidad (Gratis) Inicio \u2192 An\u00e1lisis de Conducta Sexual Test de Ninfoman\u00edaEvaluaci\u00f3n de Hipersexualidad \u00bfSientes que tus deseos gobiernan tu vida? Realiza nuestro test psicologico de ninfoman\u00eda dise\u00f1ado para identificar patrones de conducta sexual impulsiva o adictiva bajo est\u00e1ndares cient\u00edficos. \u23f1 7\u201310 Minutos \ud83d\udccb 30 Preguntas \ud83e\ude7a Cribado Cl\u00ednico&#8230;<\/p>\n","protected":false},"author":1,"featured_media":0,"parent":0,"menu_order":0,"comment_status":"closed","ping_status":"closed","template":"","meta":{"_kad_post_transparent":"disable","_kad_post_title":"hide","_kad_post_layout":"fullwidth","_kad_post_sidebar_id":"","_kad_post_content_style":"unboxed","_kad_post_vertical_padding":"hide","_kad_post_feature":"","_kad_post_feature_position":"","_kad_post_header":false,"_kad_post_footer":true,"_kad_post_classname":"","footnotes":""},"class_list":["post-351","page","type-page","status-publish","hentry"],"_links":{"self":[{"href":"https:\/\/intelligencestest.com\/es\/wp-json\/wp\/v2\/pages\/351","targetHints":{"allow":["GET"]}}],"collection":[{"href":"https:\/\/intelligencestest.com\/es\/wp-json\/wp\/v2\/pages"}],"about":[{"href":"https:\/\/intelligencestest.com\/es\/wp-json\/wp\/v2\/types\/page"}],"author":[{"embeddable":true,"href":"https:\/\/intelligencestest.com\/es\/wp-json\/wp\/v2\/users\/1"}],"replies":[{"embeddable":true,"href":"https:\/\/intelligencestest.com\/es\/wp-json\/wp\/v2\/comments?post=351"}],"version-history":[{"count":1,"href":"https:\/\/intelligencestest.com\/es\/wp-json\/wp\/v2\/pages\/351\/revisions"}],"predecessor-version":[{"id":352,"href":"https:\/\/intelligencestest.com\/es\/wp-json\/wp\/v2\/pages\/351\/revisions\/352"}],"wp:attachment":[{"href":"https:\/\/intelligencestest.com\/es\/wp-json\/wp\/v2\/media?parent=351"}],"curies":[{"name":"wp","href":"https:\/\/api.w.org\/{rel}","templated":true}]}}